{"id":1593,"date":"2015-11-28T21:09:58","date_gmt":"2015-11-28T21:09:58","guid":{"rendered":"http:\/\/prolog-zeichnung-und-text.de\/blog\/?page_id=1593"},"modified":"2020-03-16T18:26:08","modified_gmt":"2020-03-16T18:26:08","slug":"allgemeine-geschaefts-bedingungen","status":"publish","type":"page","link":"https:\/\/prolog-zeichnung-und-text.de\/blog\/allgemeine-geschaefts-bedingungen\/","title":{"rendered":"Allgemeine Gesch\u00e4ftsbedingungen"},"content":{"rendered":"<p>Allgemeine Gesch\u00e4ftsbedingungen\/ Widerruf<\/p>\n<p>Prolog \u2013 Heft f\u00fcr Zeichnung und Text c\/o<br \/>\nAnton Schwarzbach, Lehderstra\u00dfe 119, 13086 Berlin<\/p>\n<p>E-Mail: heftfuerzeichnungundtext[at]yahoo[Punkt]de<\/p>\n<p>&nbsp;<\/p>\n<p>0. Kommunikation hilft Missverst\u00e4ndnisse zu kl\u00e4ren! Und guter Wille sollte die Voraussetzung f\u00fcrs Handeln sein!<\/p>\n<p>1. Geltungsbereich<\/p>\n<p>Prolog \u2013 Heft f\u00fcr Zeichnung und Text f\u00fchrt Ihre Bestellungen der K\u00fcnstlerzeitschrift Prolog \u2013 Heft f\u00fcr Zeichnung und Text auf der Grundlage der nachfolgenden Allgemeinen Gesch\u00e4ftsbedingungen (AGB) durch. Es gelten die zum Zeitpunkt Ihrer Bestellung hier bereitgehaltenen Bedingungen. Von diesen Bedingungen abweichende Regelungen erkennen wir nicht an, es sei denn, sie werden von uns schriftlich best\u00e4tigt. Individuelle Absprachen haben Vorrang vor Allgemeinen Gesch\u00e4ftsbedingungen. Prolog \u2013 Heft f\u00fcr Zeichnung und Text ist jederzeit berechtigt, diese Allgemeinen Gesch\u00e4ftsbedingungen einschlie\u00dflich aller eventuellen Anlagen mit einer angemessenen K\u00fcndigungsfrist zu \u00e4ndern oder zu erg\u00e4nzen. Prolog \u2013 Heft f\u00fcr Zeichnung und Text bietet die K\u00fcnstlerzeitschrift Prolog \u2013 Heft f\u00fcr Zeichnung und Text und aus dieser entstehende Editionen und Sammelt\u00fcten zum Verkauf an.<\/p>\n<p>2.\u00a0 Ausschlu\u00df des Widerrufrechts<br \/>\nEin Widerrufsrecht besteht nicht bei Vertr\u00e4gen zur Lieferung von Zeitungen, Zeitschriften oder Illustrierten, mit Ausnahme von Abonnement-Vertr\u00e4gen. \u00a7 312g Abs. 2 Nr. 7 BGB.<\/p>\n<p>3. Wiederrufsrecht\/ R\u00fcckgaberecht f\u00fcr Editionen und Sammelt\u00fcten<br \/>\nWir garantieren f\u00fcr nicht benutzte Ware ein R\u00fcckgaberecht innerhalb von 14 Tagen. \u2028Die R\u00fcckgabefrist wird gewahrt durch das fristgerechte Absenden der Ware (Rechnungsdatum). \u2028Die R\u00fccksendung wird von uns nur angenommen, wenn sie ausreichend frankiert wurde und die Ware in einwandfreiem Zustand ist. Das R\u00fcckgaberecht ist nicht g\u00fcltig f\u00fcr preisreduzierte Ware und anl\u00e4sslich von Sonderverkaufsaktionen. \u2028\u20283.a) Widerrufsbelehrung (nur f\u00fcr private Besteller) \u2028Sie k\u00f6nnen Ihre Vertragserkl\u00e4rung innerhalb von 14 Tagen ohne Angabe von Gr\u00fcnden in Textform (z.B. Brief, Fax, eMail) oder durch R\u00fccksendung der Ware in einwandfreiem Zustand widerrufen. \u2028Die Widerrufsfrist beginnt fr\u00fchestens mit dem Erhalt der Ware. \u2028Zur Wahrung der Frist gen\u00fcgt die rechtzeitige Absendung des Widerrufs oder der Ware. \u2028Der Widerruf ist zu richten an: heftfuerzeichnungundtext[at]yahoo[Punkt]de.<\/p>\n<p>3.b) Widerrufsfolgen \u2028Im Falle eines wirksamen Wiederrufs sind die beiderseits empfangenen Leistungen zur\u00fcckzugew\u00e4hren. Sie m\u00fcssen f\u00fcr einen etwaigen Wertverlust der Waren nur aufkommen, wenn dieser Wertverlust auf einen zur Pr\u00fcfung der Beschaffenheit, Eigenschaften und Funktionsweise der Waren nicht notwendigen Umgang mit ihnen zur\u00fcckzuf\u00fchren ist.\u2028Sie haben die Kosten der R\u00fccksendung zu tragen.<\/p>\n<p>4. Vertragsschluss<\/p>\n<p>Unsere Angebote sind unverbindlich und stehen unter dem Vorbehalt, dass der Artikel zum Zeitpunkt der Bestellung noch lieferbar ist.<br \/>\nWenn Sie eine Bestellung abgeben, werden Sie dar\u00fcber informiert, dass sie kostenpflichtig bestellen. Der Kaufvertrag kommt dadurch zustande, dass wir das durch Ihre Bestellung abgegebene Vertragsangebot als Auftragsbest\u00e4tigung durch eine per Email an die im Bestellprozess genannte Emailadresse annehmen. Diese Auftragsbest\u00e4tigung beinhaltet die wesentlichen Inhalte Ihrer Bestellung. Die Bearbeitung erfolgt nach dem Bestelldatum.<\/p>\n<p>5. Zahlung und Eigentumsvorbehalt<\/p>\n<p>Alle Preise sind Endpreise, ke<span class=\"wc-gzd-additional-info shipping-costs-info\">ine Ausweisung der Mehrwertsteuer gem\u00e4\u00df \u00a7 19 UStG.<\/span><\/p>\n<p>Sie k\u00f6nnen gegen Rechnung, per \u00dcberweisung oder in bar bezahlen. Bei h\u00f6heren Rechnungsbetr\u00e4gen behalten wir uns eine Lieferung gegen Vorauskasse vor. Der Kaufpreis ist zum Zeitpunkt des Vertragsschlusses f\u00e4llig.\u2028Gelieferte Ware bleibt bis zur vollst\u00e4ndigen Zahlung aller bestehenden Forderungen unser Eigentum.<br \/>\nWenn bei der Zahlungsoption \u00dcberweisung nach 14 Tagen kein Geldeingang auf unserem Konto zu verzeichnen ist, wird die Bestellung automatisch storniert. Gleiches gilt f\u00fcr den Kauf auf Rechnung.\u00a0 Sie sind dann verpflichtet, uns die bereits zugesandte Ware auf eigene Kosten zur\u00fcckzusenden.<\/p>\n<p>6. Lieferung<\/p>\n<p>Die Lieferung der bestellten Artikel erfolgt bei der Zahlungsoption per Rechnung nach Eingang der Bestellung per Email, h\u00f6chstens bis zu 5 Tage sp\u00e4ter. Wenn Sie nach 8 Tagen nichts von uns geh\u00f6rt haben, gilt der Kaufvertrag als nicht zustande gekommen. Wir bitten Sie dann um eine erneute Bestellung.<br \/>\nBei der Zahlungsoption Bank\u00fcberweisung erfolgt die Lieferung nach Zahlungseingang, h\u00f6chstens bis zu 5 Tage sp\u00e4ter.<br \/>\nDie Zahlungsoption Barzahlung bedarf individueller Absprachen, setzt jedoch i.d.R. die Selbstabholung der Ware bei der oben angegebenen Adresse voraus.<br \/>\n\u00dcber etwaige Lieferzeitverl\u00e4ngerungen werden Sie in der Auftragsbest\u00e4tigung informiert. Ist die Lieferzeitverl\u00e4ngerung auf von uns nicht zu vertretende Umst\u00e4nde zur\u00fcckzuf\u00fchren (Streik, h\u00f6here Gewalt, unvorhersehbare Ereignisse), wird die Lieferfrist angemessen verl\u00e4ngert. Bei Nichteinhaltung der Lieferfrist aus anderen als den o. g. Gr\u00fcnden ist der K\u00e4ufer berechtigt,\u2028schriftlich eine angemessene Nachfrist mit Ablehnungsandrohung zu setzen und nach deren erfolglosem Ablauf hinsichtlich der im Vertrag befindlichen Lieferung oder Leistung vom Vertrag zur\u00fcckzutreten.<br \/>\nGeliefert wird an die angegebene Lieferadresse. Wir sind zu Teillieferungen berechtigt, soweit dies nach den Umst\u00e4nden des Einzelfalles dem K\u00e4ufer zumutbar ist. Versandkostenfrei innerhalb der BRD. F\u00fcr Sendungen ins Ausland gilt: 3,00 Euro innerhalb der EU. Portokosten au\u00dferhalb der EU werden individuell und in gegenseitigem Einvernehmen geregelt. Bei Lieferungen in das Ausland \u00fcbernehmen Sie die zus\u00e4tzlichen Steuern und Z\u00f6lle.<\/p>\n<p>7. Haftung und Gew\u00e4hrleistung<\/p>\n<p>Bei Eintreffen haben Sie die Ware unverz\u00fcglich auf M\u00e4ngel und Beschaffenheit zu untersuchen. Treten von uns zu vertretende M\u00e4ngel an gelieferten Waren auf, so werden wir in angemessener Zeit f\u00fcr die Beseitigung des Mangels oder Ersatzlieferung sorgen. Sie k\u00f6nnen jedoch wahlweise den Kauf r\u00fcckg\u00e4ngig oder die Herabsetzung des Kaufpreises geltend machen, wenn eine unzumutbare Verz\u00f6gerung oder Unm\u00f6glichkeit der Nachbesserung oder Ersatzleistung auftritt.<\/p>\n<p>8. Datenschutz<\/p>\n<p>Sie stimmen der Speicherung, Verarbeitung und Nutzung der uns im Rahmen des Bestellvorgangs \u00fcberlassenen personenbezogenen Daten f\u00fcr vertragliche Zwecke und auf Grundlage der Datenschutzbestimmungen ausdr\u00fccklich zu.<br \/>\nGrunds\u00e4tzlich geben wir Ihre Daten nicht an Dritte weiter. Pers\u00f6nliche Daten werden selbstverst\u00e4ndlich vertraulich behandelt.<br \/>\nWir halten uns an die gesetzlichen Datenschutzbestimmungen und nutzen Ihre Daten nur f\u00fcr Zwecke, zu denen Sie uns berechtigt haben. Wir verwenden Ihre pers\u00f6nlichen Daten zur Abwicklung der Auftr\u00e4ge und eventueller Reklamationen. Ihre E-Mail-Adresse nutzen wir nur f\u00fcr Mitteilungen zu den Bestellungen und Auftr\u00e4gen sowie f\u00fcr Emails, die Veranstaltungen und Angebote der K\u00fcnstlerzeitschrift Prolog \u2013 Heft f\u00fcr Zeichnung und Text betreffen. Wenn Sie diese Emails nicht erhalten m\u00f6chten, dann melden Sie dieses bitte unter der E-Mail: heftfuerzeichnungundtext[at]yahoo[Punkt]de.<\/p>\n<p>9. Anwendbares Recht<br \/>\nEs gilt das Recht der Bundesrepublik Deutschland unter Ausschlu\u00df des UN-Kaufrechts (CISG).\u2028Gerichtsstand ist Berlin. Vertragssprache ist deutsch.<\/p>\n<p>&nbsp;<\/p>\n","protected":false},"excerpt":{"rendered":"<p>Allgemeine Gesch\u00e4ftsbedingungen\/ Widerruf Prolog \u2013 Heft f\u00fcr Zeichnung und Text c\/o Anton Schwarzbach, Lehderstra\u00dfe 119, 13086 Berlin E-Mail: heftfuerzeichnungundtext[at]yahoo[Punkt]de &nbsp; 0. Kommunikation hilft Missverst\u00e4ndnisse zu kl\u00e4ren! Und guter Wille sollte die Voraussetzung f\u00fcrs Handeln sein! 1. Geltungsbereich Prolog \u2013 Heft f\u00fcr Zeichnung und Text f\u00fchrt Ihre Bestellungen der K\u00fcnstlerzeitschrift Prolog \u2013 Heft f\u00fcr Zeichnung und <a href='https:\/\/prolog-zeichnung-und-text.de\/blog\/allgemeine-geschaefts-bedingungen\/' class='excerpt-more'>[&#8230;]<\/a><\/p>\n","protected":false},"author":2,"featured_media":0,"parent":0,"menu_order":0,"comment_status":"closed","ping_status":"closed","template":"","meta":{"footnotes":""},"class_list":["post-1593","page","type-page","status-publish","hentry","post-seq-1","post-parity-odd","meta-position-corners","fix"],"_links":{"self":[{"href":"https:\/\/prolog-zeichnung-und-text.de\/blog\/wp-json\/wp\/v2\/pages\/1593","targetHints":{"allow":["GET"]}}],"collection":[{"href":"https:\/\/prolog-zeichnung-und-text.de\/blog\/wp-json\/wp\/v2\/pages"}],"about":[{"href":"https:\/\/prolog-zeichnung-und-text.de\/blog\/wp-json\/wp\/v2\/types\/page"}],"author":[{"embeddable":true,"href":"https:\/\/prolog-zeichnung-und-text.de\/blog\/wp-json\/wp\/v2\/users\/2"}],"replies":[{"embeddable":true,"href":"https:\/\/prolog-zeichnung-und-text.de\/blog\/wp-json\/wp\/v2\/comments?post=1593"}],"version-history":[{"count":19,"href":"https:\/\/prolog-zeichnung-und-text.de\/blog\/wp-json\/wp\/v2\/pages\/1593\/revisions"}],"predecessor-version":[{"id":2622,"href":"https:\/\/prolog-zeichnung-und-text.de\/blog\/wp-json\/wp\/v2\/pages\/1593\/revisions\/2622"}],"wp:attachment":[{"href":"https:\/\/prolog-zeichnung-und-text.de\/blog\/wp-json\/wp\/v2\/media?parent=1593"}],"curies":[{"name":"wp","href":"https:\/\/api.w.org\/{rel}","templated":true}]}}