{"id":2825,"date":"2020-11-19T11:35:53","date_gmt":"2020-11-19T11:35:53","guid":{"rendered":"https:\/\/prolog-zeichnung-und-text.de\/blog\/?page_id=2825"},"modified":"2020-11-19T15:12:29","modified_gmt":"2020-11-19T15:12:29","slug":"gibundnimms","status":"publish","type":"page","link":"https:\/\/prolog-zeichnung-und-text.de\/blog\/gibundnimms\/","title":{"rendered":"Gibundnimms"},"content":{"rendered":"\n<div class=\"wpcf7 no-js\" id=\"wpcf7-f2823-o1\" lang=\"de-DE\" dir=\"ltr\" data-wpcf7-id=\"2823\">\n<div class=\"screen-reader-response\"><p role=\"status\" aria-live=\"polite\" aria-atomic=\"true\"><\/p> <ul><\/ul><\/div>\n<form action=\"\/blog\/wp-json\/wp\/v2\/pages\/2825#wpcf7-f2823-o1\" method=\"post\" class=\"wpcf7-form init\" aria-label=\"Kontaktformular\" novalidate=\"novalidate\" data-status=\"init\">\n<fieldset class=\"hidden-fields-container\"><input type=\"hidden\" name=\"_wpcf7\" value=\"2823\" \/><input type=\"hidden\" name=\"_wpcf7_version\" value=\"6.1.5\" \/><input type=\"hidden\" name=\"_wpcf7_locale\" value=\"de_DE\" \/><input type=\"hidden\" name=\"_wpcf7_unit_tag\" value=\"wpcf7-f2823-o1\" \/><input type=\"hidden\" name=\"_wpcf7_container_post\" value=\"0\" \/><input type=\"hidden\" name=\"_wpcf7_posted_data_hash\" value=\"\" \/>\n<\/fieldset>\n<p>Gibundnimms sind Editionen oder Einzelst\u00fccke, die rund um das Heft entstehen. Bei Interesse bitte eine unverbindliche Bestellanfrage an uns senden. Gemeinsam kl\u00e4ren wir die Zahlungsmodalit\u00e4ten und wie das Gew\u00fcnschte Euch erreichen kann. Bei den Gibundnimms bitten wir um Vorkasse. Die Gibundnimms versenden wir innerhalb der BRD portofrei, weltweit nach Absprache. Also:\n<\/p>\n<p>1. Das Gew\u00fcnschte aussuchen und eintragen.<br \/>\n2. Mailadresse eintragen, so dass wir mit Euch kommunizieren k\u00f6nnen.<br \/>\n3. Ins Kommentarfeld evtl. die Postadresse, an die versendet werden soll und evtl. weitere Anmerkungen einf\u00fcgen.<br \/>\n4. AGB und Datenschutzbestimmungen lesen und als gelesen markieren.<br \/>\n5. Unverbindliche Bestellanfrage absenden.\n<\/p>\n<p><strong>u-TOPIE \u2013 Box<\/strong><br \/>\n&nbsp;<br \/>\n<img loading=\"lazy\" decoding=\"async\" class=\"alignnone wp-image-2830 size-medium\" src=\"https:\/\/prolog-zeichnung-und-text.de\/blog\/wp-content\/uploads\/box-2-1-232x300.jpg\" alt=\"\" width=\"232\" height=\"300\" srcset=\"https:\/\/prolog-zeichnung-und-text.de\/blog\/wp-content\/uploads\/box-2-1-232x300.jpg 232w, https:\/\/prolog-zeichnung-und-text.de\/blog\/wp-content\/uploads\/box-2-1-116x150.jpg 116w, https:\/\/prolog-zeichnung-und-text.de\/blog\/wp-content\/uploads\/box-2-1.jpg 697w\" sizes=\"auto, (max-width: 232px) 100vw, 232px\" \/><img loading=\"lazy\" decoding=\"async\" class=\"alignnone wp-image-2829 size-medium\" src=\"https:\/\/prolog-zeichnung-und-text.de\/blog\/wp-content\/uploads\/box-1-1-300x200.jpg\" alt=\"\" width=\"300\" height=\"200\" srcset=\"https:\/\/prolog-zeichnung-und-text.de\/blog\/wp-content\/uploads\/box-1-1-300x200.jpg 300w, https:\/\/prolog-zeichnung-und-text.de\/blog\/wp-content\/uploads\/box-1-1-1036x691.jpg 1036w, https:\/\/prolog-zeichnung-und-text.de\/blog\/wp-content\/uploads\/box-1-1-150x100.jpg 150w, https:\/\/prolog-zeichnung-und-text.de\/blog\/wp-content\/uploads\/box-1-1-768x512.jpg 768w, https:\/\/prolog-zeichnung-und-text.de\/blog\/wp-content\/uploads\/box-1-1.jpg 1350w\" sizes=\"auto, (max-width: 300px) 100vw, 300px\" \/>\n<\/p>\n<p>Inhalt: ein Heft X4 u-TOPIEN und 26 Editionsbeitr\u00e4ge\n<\/p>\n<p>Einige Hefte des Prolog X4 enthalten als Utopisches-\u00dcberraschungs-Special eine Grafik, Zeichnung oder ein Unikat. Die K\u00fcnstler- und Autor*innen, die sich am Utopischen-\u00dcberraschungs-Special beteiligt haben, gaben uns daf\u00fcr Kunstwerke als Unikate oder in den Auflagen von 10-30 St\u00fcck. In dieser Box sind das Heft X4 und je einer der Editionsbeitr\u00e4ge, insgesamt 26, enthalten. Die Box erschien mit einer St\u00fcckzahl von 3.\n<\/p>\n<p>Utopisches-\u00dcberraschungs-Special von:\n<\/p>\n<p>Albrecht Wild, Pega Mund, Ben G. Fodor, Katharina Seidlitz, Susanne Koheil, Petrus Akkordeon, K\u00e4the Wenzel, Dorit Trebeljahr, Silvia Lorenz, Anton Schwarzbach, Stephan Brenn,Katrin Salentin, Nicole Wendel, Anke Becker, Christoph Vieweg, Franziska Peter, Norbert B\u00fccker, Margarete Lindau, Martin Bartels, Hagen Klennert, Kirsten Kl\u00f6ckner, Susanne Eules, Grazyna Zarebska, Simone Scharbert, Ilse Ermen, Ross Henriksen\n<\/p>\n<p>&nbsp;<br \/>\n<strong>u-TOPIE \u2013 Box<\/strong>\n<\/p>\n<p>Erh\u00e4ltlich Nummer 1 von 3<br \/>\nEinzelpreis: 380 \u20ac Euro<br \/>\nAnzahl: <span class=\"wpcf7-form-control-wrap\" data-name=\"u-TOPIE\"><input class=\"wpcf7-form-control wpcf7-number wpcf7-validates-as-number\" min=\"0\" max=\"1\" aria-invalid=\"false\" value=\"0\" type=\"number\" name=\"u-TOPIE\" \/><\/span>\n<\/p>\n<p>&nbsp;\n<\/p>\n<hr \/>\n<p><strong>Prolog 2 analog<\/strong>\n<\/p>\n<p>&nbsp;\n<\/p>\n<table style=\"border-collapse: collapse; width: 100%;\">\n\t<tbody>\n\t\t<tr>\n\t\t\t<td style=\"width: 33.3333%;\">\n\t\t\t\t<p><img loading=\"lazy\" decoding=\"async\" class=\"aligncenter wp-image-2831 size-medium\" src=\"https:\/\/prolog-zeichnung-und-text.de\/blog\/wp-content\/uploads\/sonder2einblick1-1-300x236.jpg\" alt=\"\" width=\"300\" height=\"236\" srcset=\"https:\/\/prolog-zeichnung-und-text.de\/blog\/wp-content\/uploads\/sonder2einblick1-1-300x236.jpg 300w, https:\/\/prolog-zeichnung-und-text.de\/blog\/wp-content\/uploads\/sonder2einblick1-1-150x118.jpg 150w, https:\/\/prolog-zeichnung-und-text.de\/blog\/wp-content\/uploads\/sonder2einblick1-1.jpg 509w\" sizes=\"auto, (max-width: 300px) 100vw, 300px\" \/>\n\t\t\t\t<\/p>\n\t\t\t<\/td>\n\t\t\t<td style=\"width: 33.3333%;\">\n\t\t\t\t<p><img loading=\"lazy\" decoding=\"async\" class=\"aligncenter wp-image-2832 size-medium\" src=\"https:\/\/prolog-zeichnung-und-text.de\/blog\/wp-content\/uploads\/sonder2einblick2-1-300x222.jpg\" alt=\"\" width=\"300\" height=\"222\" srcset=\"https:\/\/prolog-zeichnung-und-text.de\/blog\/wp-content\/uploads\/sonder2einblick2-1-300x222.jpg 300w, https:\/\/prolog-zeichnung-und-text.de\/blog\/wp-content\/uploads\/sonder2einblick2-1-150x111.jpg 150w, https:\/\/prolog-zeichnung-und-text.de\/blog\/wp-content\/uploads\/sonder2einblick2-1.jpg 540w\" sizes=\"auto, (max-width: 300px) 100vw, 300px\" \/>\n\t\t\t\t<\/p>\n\t\t\t<\/td>\n\t\t\t<td style=\"width: 33.3333%;\">\n\t\t\t\t<p><img loading=\"lazy\" decoding=\"async\" class=\"aligncenter wp-image-2833 size-medium\" src=\"https:\/\/prolog-zeichnung-und-text.de\/blog\/wp-content\/uploads\/sonder2einblick3-1-300x224.jpg\" alt=\"\" width=\"300\" height=\"224\" srcset=\"https:\/\/prolog-zeichnung-und-text.de\/blog\/wp-content\/uploads\/sonder2einblick3-1-300x224.jpg 300w, https:\/\/prolog-zeichnung-und-text.de\/blog\/wp-content\/uploads\/sonder2einblick3-1-150x112.jpg 150w, https:\/\/prolog-zeichnung-und-text.de\/blog\/wp-content\/uploads\/sonder2einblick3-1.jpg 535w\" sizes=\"auto, (max-width: 300px) 100vw, 300px\" \/>\n\t\t\t\t<\/p>\n\t\t\t<\/td>\n\t\t<\/tr>\n\t\t<tr>\n\t\t\t<td style=\"width: 33.3333%;\">\n\t\t\t\t<p><img loading=\"lazy\" decoding=\"async\" class=\"aligncenter wp-image-2834 size-medium\" src=\"https:\/\/prolog-zeichnung-und-text.de\/blog\/wp-content\/uploads\/sonder2einblick4-1-300x223.jpg\" alt=\"\" width=\"300\" height=\"223\" srcset=\"https:\/\/prolog-zeichnung-und-text.de\/blog\/wp-content\/uploads\/sonder2einblick4-1-300x223.jpg 300w, https:\/\/prolog-zeichnung-und-text.de\/blog\/wp-content\/uploads\/sonder2einblick4-1-150x112.jpg 150w, https:\/\/prolog-zeichnung-und-text.de\/blog\/wp-content\/uploads\/sonder2einblick4-1.jpg 537w\" sizes=\"auto, (max-width: 300px) 100vw, 300px\" \/>\n\t\t\t\t<\/p>\n\t\t\t<\/td>\n\t\t\t<td style=\"width: 33.3333%;\">\n\t\t\t\t<p><img loading=\"lazy\" decoding=\"async\" class=\"aligncenter wp-image-2835 size-medium\" src=\"https:\/\/prolog-zeichnung-und-text.de\/blog\/wp-content\/uploads\/sonder2einblick5-1-300x220.jpg\" alt=\"\" width=\"300\" height=\"220\" srcset=\"https:\/\/prolog-zeichnung-und-text.de\/blog\/wp-content\/uploads\/sonder2einblick5-1-300x220.jpg 300w, https:\/\/prolog-zeichnung-und-text.de\/blog\/wp-content\/uploads\/sonder2einblick5-1-150x110.jpg 150w, https:\/\/prolog-zeichnung-und-text.de\/blog\/wp-content\/uploads\/sonder2einblick5-1.jpg 546w\" sizes=\"auto, (max-width: 300px) 100vw, 300px\" \/>\n\t\t\t\t<\/p>\n\t\t\t<\/td>\n\t\t\t<td style=\"width: 33.3333%;\">\n\t\t\t\t<p><img loading=\"lazy\" decoding=\"async\" class=\"aligncenter wp-image-2836 size-medium\" src=\"https:\/\/prolog-zeichnung-und-text.de\/blog\/wp-content\/uploads\/sonder2einblick6-1-300x227.jpg\" alt=\"\" width=\"300\" height=\"227\" srcset=\"https:\/\/prolog-zeichnung-und-text.de\/blog\/wp-content\/uploads\/sonder2einblick6-1-300x227.jpg 300w, https:\/\/prolog-zeichnung-und-text.de\/blog\/wp-content\/uploads\/sonder2einblick6-1-150x114.jpg 150w, https:\/\/prolog-zeichnung-und-text.de\/blog\/wp-content\/uploads\/sonder2einblick6-1.jpg 528w\" sizes=\"auto, (max-width: 300px) 100vw, 300px\" \/>\n\t\t\t\t<\/p>\n\t\t\t<\/td>\n\t\t<\/tr>\n\t\t<tr>\n\t\t\t<td style=\"width: 33.3333%;\">\n\t\t\t\t<p><img loading=\"lazy\" decoding=\"async\" class=\"aligncenter wp-image-2837 size-medium\" src=\"https:\/\/prolog-zeichnung-und-text.de\/blog\/wp-content\/uploads\/sonder2einblick7-1-300x228.jpg\" alt=\"\" width=\"300\" height=\"228\" srcset=\"https:\/\/prolog-zeichnung-und-text.de\/blog\/wp-content\/uploads\/sonder2einblick7-1-300x228.jpg 300w, https:\/\/prolog-zeichnung-und-text.de\/blog\/wp-content\/uploads\/sonder2einblick7-1-150x114.jpg 150w, https:\/\/prolog-zeichnung-und-text.de\/blog\/wp-content\/uploads\/sonder2einblick7-1.jpg 527w\" sizes=\"auto, (max-width: 300px) 100vw, 300px\" \/>\n\t\t\t\t<\/p>\n\t\t\t<\/td>\n\t\t\t<td style=\"width: 33.3333%;\">\n\t\t\t\t<p><img loading=\"lazy\" decoding=\"async\" class=\"aligncenter wp-image-2838 size-medium\" src=\"https:\/\/prolog-zeichnung-und-text.de\/blog\/wp-content\/uploads\/sonder2einblick8-1-300x221.jpg\" alt=\"\" width=\"300\" height=\"221\" srcset=\"https:\/\/prolog-zeichnung-und-text.de\/blog\/wp-content\/uploads\/sonder2einblick8-1-300x221.jpg 300w, https:\/\/prolog-zeichnung-und-text.de\/blog\/wp-content\/uploads\/sonder2einblick8-1-150x111.jpg 150w, https:\/\/prolog-zeichnung-und-text.de\/blog\/wp-content\/uploads\/sonder2einblick8-1.jpg 542w\" sizes=\"auto, (max-width: 300px) 100vw, 300px\" \/>\n\t\t\t\t<\/p>\n\t\t\t<\/td>\n\t\t\t<td style=\"width: 33.3333%;\">\n\t\t\t\t<p><img loading=\"lazy\" decoding=\"async\" class=\"aligncenter wp-image-2839 size-medium\" src=\"https:\/\/prolog-zeichnung-und-text.de\/blog\/wp-content\/uploads\/sonder2einblick9-1-300x229.jpg\" alt=\"\" width=\"300\" height=\"229\" srcset=\"https:\/\/prolog-zeichnung-und-text.de\/blog\/wp-content\/uploads\/sonder2einblick9-1-300x229.jpg 300w, https:\/\/prolog-zeichnung-und-text.de\/blog\/wp-content\/uploads\/sonder2einblick9-1-150x114.jpg 150w, https:\/\/prolog-zeichnung-und-text.de\/blog\/wp-content\/uploads\/sonder2einblick9-1.jpg 525w\" sizes=\"auto, (max-width: 300px) 100vw, 300px\" \/>\n\t\t\t\t<\/p>\n\t\t\t<\/td>\n\t\t<\/tr>\n\t<\/tbody>\n<\/table>\n<p>Prolog 2 Analog mit Handdrucken oder Handzeichnungen von: Kristof Grunert, Andreas Koletzki, Henning Hennenkemper, Antje Pehle, Henry Puchert, Matthias Ruthenberg, Ann Schmalwasser, Bernhard Uhlig, Anton Schwarzbach. Parallel zur zweiten Ausgabe des Prolog \u2013 Heft f\u00fcr Zeichnung und Text erschien im Mai 2008 eine Sonder-Edition mit 9 Originalarbeiten und einer Auflage von 20 St\u00fcck. \u00bb\u2192 Federf\u00fchrend bei dieser Edition war Kristof Grunert. Buchma\u00df 21 x 21 cm.\n<\/p>\n<p>Erh\u00e4ltlich sind noch die Nummern: 4, 9 und 12 von 20,\n<\/p>\n<p>Einzelpreis: 220 \u20ac\n<\/p>\n<p>Prolog 2 analog Heftnr. <span class=\"wpcf7-form-control-wrap\" data-name=\"Prolog2analog\"><select class=\"wpcf7-form-control wpcf7-select\" aria-invalid=\"false\" name=\"Prolog2analog\"><option value=\"\">&#8211; Bitte ausw\u00e4hlen &#8211;<\/option><option value=\"Nr.4\">Nr.4<\/option><option value=\"Nr.9\">Nr.9<\/option><option value=\"Nr.12\">Nr.12<\/option><\/select><\/span>\n<\/p>\n<p>&nbsp;\n<\/p>\n<hr \/>\n<p><strong>Prologbeutel<\/strong><br \/>\n&nbsp;<br \/>\n<img loading=\"lazy\" decoding=\"async\" class=\"alignnone wp-image-2830 size-medium\" src=\"https:\/\/prolog-zeichnung-und-text.de\/blog\/wp-content\/uploads\/Prolog-Beutel-web.jpg\" alt=\"\" width=\"500\" height=\"334\" \/>\n<\/p>\n<p>Wie so oft die Hefte kamen auch die Beutel erst kurz vor unserer Release zum 15j\u00e4hrigen Jubil\u00e4um aus der Druckerei. Leider hat die Druckerei nicht pink, sondern wei\u00df auf wei\u00dfe Beutel gedruckt. Also haben wir die Beutel kurzerhand gef\u00e4rbt. Nun gibt es die Beutel in schwarz, pink und dunkelrot, leicht knautschig, nicht industriell perfekt, also cooler ;). Einige sind noch \u00fcbrig. Wenn ihr einen wollt, schreibt bitte in die Anmerkungen, welche Farbe.\n<\/p>\n<p>&nbsp;<br \/>\n<strong>Prologbeutel<\/strong>\n<\/p>\n<p>Erh\u00e4ltlich Nummer 1 von 3<br \/>\nEinzelpreis: 5 \u20ac Euro<br \/>\nAnzahl: <span class=\"wpcf7-form-control-wrap\" data-name=\"u-TOPIE\"><input class=\"wpcf7-form-control wpcf7-number wpcf7-validates-as-number\" min=\"0\" max=\"1\" aria-invalid=\"false\" value=\"0\" type=\"number\" name=\"u-TOPIE\" \/><\/span>\n<\/p>\n<p>&nbsp;\n<\/p>\n<hr \/>\n<p>&nbsp;\n<\/p>\n<p>Deine E-Mail-Adresse (Pflichtfeld)<br \/>\n<span class=\"wpcf7-form-control-wrap\" data-name=\"your-email\"><input size=\"40\" maxlength=\"400\" class=\"wpcf7-form-control wpcf7-email wpcf7-validates-as-required wpcf7-text wpcf7-validates-as-email\" aria-required=\"true\" aria-invalid=\"false\" value=\"\" type=\"email\" name=\"your-email\" \/><\/span>\n<\/p>\n<p><span id=\"wpcf7-69dc82e6cf9f7-wrapper\" class=\"wpcf7-form-control-wrap Nachname-wrap\" style=\"display:none !important; visibility:hidden !important;\"><label for=\"wpcf7-69dc82e6cf9f7-field\" class=\"hp-message\">Bitte lasse dieses Feld leer.<\/label><input id=\"wpcf7-69dc82e6cf9f7-field\"  class=\"wpcf7-form-control wpcf7-text\" type=\"text\" name=\"Nachname\" value=\"\" size=\"40\" tabindex=\"-1\" autocomplete=\"new-password\" \/><\/span>\n<\/p>\n<p>Anmerkungen\/Postadresse f\u00fcr die Bestellung\/ weitere Fragen<br \/>\n<span class=\"wpcf7-form-control-wrap\" data-name=\"Kommentar\"><textarea cols=\"40\" rows=\"10\" maxlength=\"2000\" class=\"wpcf7-form-control wpcf7-textarea\" aria-invalid=\"false\" name=\"Kommentar\"><\/textarea><\/span>\n<\/p>\n<p><span class=\"wpcf7-form-control-wrap\" data-name=\"AGB\"><span class=\"wpcf7-form-control wpcf7-acceptance\"><span class=\"wpcf7-list-item\"><label><input type=\"checkbox\" name=\"AGB\" value=\"1\" aria-invalid=\"false\" \/><span class=\"wpcf7-list-item-label\">Ich habe die <a href=\"https:\/\/prolog-zeichnung-und-text.de\/blog\/allgemeine-geschaefts-bedingungen\/\" target=\"blank\" rel=\"noopener noreferrer\">AGB<\/a> gelesen und den Bestellablauf verstanden<\/span><\/label><\/span><\/span><\/span><br \/>\n<span class=\"wpcf7-form-control-wrap\" data-name=\"Datenschutz\"><span class=\"wpcf7-form-control wpcf7-acceptance\"><span class=\"wpcf7-list-item\"><label><input type=\"checkbox\" name=\"Datenschutz\" value=\"1\" aria-invalid=\"false\" \/><span class=\"wpcf7-list-item-label\">Ich habe die <a href=\"https:\/\/prolog-zeichnung-und-text.de\/blog\/datenschutz\/\" target=\"blank\" rel=\"noopener noreferrer\">Datenschutzbestimmungen<\/a> gelesen und stimmen diesen zu.<\/span><\/label><\/span><\/span><\/span><br \/>\n<span class=\"wpcf7-form-control-wrap\" data-name=\"Newsletter\"><span class=\"wpcf7-form-control wpcf7-checkbox\"><span class=\"wpcf7-list-item first last\"><input type=\"checkbox\" name=\"Newsletter[]\" value=\"Ich m\u00f6chte weitere Emails von Prolog erhalten\" \/><span class=\"wpcf7-list-item-label\">Ich m\u00f6chte weitere Emails von Prolog erhalten<\/span><\/span><\/span><\/span>\n<\/p>\n<p><input class=\"wpcf7-form-control wpcf7-submit has-spinner\" type=\"submit\" value=\"Unverbindliche Bestellanfrage senden\" \/>\n<\/p><div class=\"wpcf7-response-output\" aria-hidden=\"true\"><\/div>\n<\/form>\n<\/div>\n\n","protected":false},"excerpt":{"rendered":"","protected":false},"author":1,"featured_media":0,"parent":0,"menu_order":0,"comment_status":"closed","ping_status":"closed","template":"","meta":{"footnotes":""},"class_list":["post-2825","page","type-page","status-publish","hentry","post-seq-1","post-parity-odd","meta-position-corners","fix"],"_links":{"self":[{"href":"https:\/\/prolog-zeichnung-und-text.de\/blog\/wp-json\/wp\/v2\/pages\/2825","targetHints":{"allow":["GET"]}}],"collection":[{"href":"https:\/\/prolog-zeichnung-und-text.de\/blog\/wp-json\/wp\/v2\/pages"}],"about":[{"href":"https:\/\/prolog-zeichnung-und-text.de\/blog\/wp-json\/wp\/v2\/types\/page"}],"author":[{"embeddable":true,"href":"https:\/\/prolog-zeichnung-und-text.de\/blog\/wp-json\/wp\/v2\/users\/1"}],"replies":[{"embeddable":true,"href":"https:\/\/prolog-zeichnung-und-text.de\/blog\/wp-json\/wp\/v2\/comments?post=2825"}],"version-history":[{"count":2,"href":"https:\/\/prolog-zeichnung-und-text.de\/blog\/wp-json\/wp\/v2\/pages\/2825\/revisions"}],"predecessor-version":[{"id":2827,"href":"https:\/\/prolog-zeichnung-und-text.de\/blog\/wp-json\/wp\/v2\/pages\/2825\/revisions\/2827"}],"wp:attachment":[{"href":"https:\/\/prolog-zeichnung-und-text.de\/blog\/wp-json\/wp\/v2\/media?parent=2825"}],"curies":[{"name":"wp","href":"https:\/\/api.w.org\/{rel}","templated":true}]}}